{"id":16,"date":"2022-12-18T09:21:55","date_gmt":"2022-12-18T09:21:55","guid":{"rendered":"https:\/\/azurvegyszer.hu\/?page_id=16"},"modified":"2022-12-19T14:57:15","modified_gmt":"2022-12-19T14:57:15","slug":"kapcsolat","status":"publish","type":"page","link":"https:\/\/azurvegyszer.hu\/index.php\/kapcsolat\/","title":{"rendered":"Kapcsolat"},"content":{"rendered":"<h2>C\u00e9gadatok<\/h2>\n<p>Az\u00far Vegyszer Kft<br \/>\n1085 Bp. J\u00f3zsef krt. 65.<br \/>\nad\u00f3sz\u00e1m: 13403764-2-42<\/p>\n<p><iframe loading=\"lazy\" src=\"https:\/\/www.google.com\/maps\/embed?pb=!1m18!1m12!1m3!1d2696.0835097725553!2d19.070159999999998!3d47.4882865!2m3!1f0!2f0!3f0!3m2!1i1024!2i768!4f13.1!3m3!1m2!1s0x0%3A0xf5484b5a8e37558!2sAzur%20Vegyszer%20Kereskedelmi%20kft!5e0!3m2!1shu!2shu!4v1671358151825!5m2!1shu!2shu\" width=\"800\" height=\"300\" allowfullscreen=\"allowfullscreen\"><\/iframe><\/p>\n<h2>Nyitvatart\u00e1s<\/h2>\n<p>H-P 8-17<\/p>\n<h2>El\u00e9rhet\u0151s\u00e9gek<\/h2>\n<p><a href=\"mailto:azurvegyszer@vipmail.hu\">azurvegyszer@vipmail.hu<\/a><br \/>\n06-1-3270419<br \/>\n06-1-3270418<br \/>\n06-30-2012885<\/p>\n","protected":false},"excerpt":{"rendered":"<p>C\u00e9gadatok Az\u00far Vegyszer Kft 1085 Bp. J\u00f3zsef krt. 65. ad\u00f3sz\u00e1m: 13403764-2-42 Nyitvatart\u00e1s H-P 8-17 El\u00e9rhet\u0151s\u00e9gek azurvegyszer@vipmail.hu 06-1-3270419 06-1-3270418 06-30-2012885<\/p>\n","protected":false},"author":1,"featured_media":0,"parent":0,"menu_order":0,"comment_status":"closed","ping_status":"closed","template":"","meta":{"footnotes":""},"class_list":["post-16","page","type-page","status-publish","hentry"],"aioseo_notices":[],"_links":{"self":[{"href":"https:\/\/azurvegyszer.hu\/index.php\/wp-json\/wp\/v2\/pages\/16","targetHints":{"allow":["GET"]}}],"collection":[{"href":"https:\/\/azurvegyszer.hu\/index.php\/wp-json\/wp\/v2\/pages"}],"about":[{"href":"https:\/\/azurvegyszer.hu\/index.php\/wp-json\/wp\/v2\/types\/page"}],"author":[{"embeddable":true,"href":"https:\/\/azurvegyszer.hu\/index.php\/wp-json\/wp\/v2\/users\/1"}],"replies":[{"embeddable":true,"href":"https:\/\/azurvegyszer.hu\/index.php\/wp-json\/wp\/v2\/comments?post=16"}],"version-history":[{"count":5,"href":"https:\/\/azurvegyszer.hu\/index.php\/wp-json\/wp\/v2\/pages\/16\/revisions"}],"predecessor-version":[{"id":40,"href":"https:\/\/azurvegyszer.hu\/index.php\/wp-json\/wp\/v2\/pages\/16\/revisions\/40"}],"wp:attachment":[{"href":"https:\/\/azurvegyszer.hu\/index.php\/wp-json\/wp\/v2\/media?parent=16"}],"curies":[{"name":"wp","href":"https:\/\/api.w.org\/{rel}","templated":true}]}}